{"id":581,"date":"2024-08-09T13:58:08","date_gmt":"2024-08-09T11:58:08","guid":{"rendered":"https:\/\/www.hsoptika.cz\/?page_id=581"},"modified":"2024-11-14T19:52:06","modified_gmt":"2024-11-14T18:52:06","slug":"vyjadrovaci-portal-copy","status":"publish","type":"page","link":"https:\/\/www.hsoptika.cz\/?page_id=581","title":{"rendered":"DTM \u010cR"},"content":{"rendered":"\t\t<div data-elementor-type=\"wp-page\" data-elementor-id=\"581\" class=\"elementor elementor-581\">\n\t\t\t\t\t\t<section class=\"elementor-section elementor-top-section elementor-element elementor-element-fdd7068 elementor-section-boxed elementor-section-height-default elementor-section-height-default\" data-id=\"fdd7068\" data-element_type=\"section\" data-e-type=\"section\">\n\t\t\t\t\t\t<div class=\"elementor-container elementor-column-gap-default\">\n\t\t\t\t\t<div class=\"elementor-column elementor-col-100 elementor-top-column elementor-element elementor-element-b9b814b\" data-id=\"b9b814b\" data-element_type=\"column\" data-e-type=\"column\">\n\t\t\t<div class=\"elementor-widget-wrap elementor-element-populated\">\n\t\t\t\t\t\t<div class=\"elementor-element elementor-element-55876fe elementor-widget elementor-widget-heading\" data-id=\"55876fe\" data-element_type=\"widget\" data-e-type=\"widget\" data-widget_type=\"heading.default\">\n\t\t\t\t<div class=\"elementor-widget-container\">\n\t\t\t\t\t<h2 class=\"elementor-heading-title elementor-size-default\">Digit\u00e1ln\u00ed technick\u00e1 mapa \u010cR<\/h2>\t\t\t\t<\/div>\n\t\t\t\t<\/div>\n\t\t\t\t<div class=\"elementor-element elementor-element-889bc77 elementor-widget__width-initial elementor-widget elementor-widget-text-editor\" data-id=\"889bc77\" data-element_type=\"widget\" data-e-type=\"widget\" data-widget_type=\"text-editor.default\">\n\t\t\t\t<div class=\"elementor-widget-container\">\n\t\t\t\t\t\t\t\t\t<p><span style=\"color: var(--sydney-text-color);\"><b>Z\u00e1kon \u010d. 47\/2020 Sb.<\/b> (<i>Z\u00e1kon, kter\u00fdm se m\u011bn\u00ed z\u00e1kon \u010d. 200\/1994 Sb., o zem\u011bm\u011b\u0159ictv\u00ed a o zm\u011bn\u011b a dopln\u011bn\u00ed n\u011bkter\u00fdch z\u00e1kon\u016f souvisej\u00edc\u00edch s jeho zaveden\u00edm, ve zn\u011bn\u00ed pozd\u011bj\u0161\u00edch p\u0159edpis\u016f, z\u00e1kon \u010d. 183\/2006 Sb., o \u00fazemn\u00edm pl\u00e1nov\u00e1n\u00ed a stavebn\u00edm \u0159\u00e1du (stavebn\u00ed z\u00e1kon), ve zn\u011bn\u00ed pozd\u011bj\u0161\u00edch p\u0159edpis\u016f, a dal\u0161\u00ed souvisej\u00edc\u00ed z\u00e1kony<\/i>) definuje digit\u00e1ln\u00ed technickou mapu kraje (DTM) jako datab\u00e1zov\u00fd soubor obsahuj\u00edc\u00ed \u00fadaje o dopravn\u00ed a technick\u00e9 infrastruktu\u0159e a vybran\u00fdch p\u0159\u00edrodn\u00edch, stavebn\u00edch a technick\u00fdch objektech a za\u0159\u00edzen\u00edch, kter\u00e9 zobrazuj\u00ed a popisuj\u00ed jejich skute\u010dn\u00fd stav, a \u00fadaje o z\u00e1m\u011brech na proveden\u00ed zm\u011bn dopravn\u00ed a technick\u00e9 infrastruktury. Tento z<\/span>\u00e1kon ukl\u00e1d\u00e1 <b>povinnost kraj\u016fm v\u00e9st digit\u00e1ln\u00ed technickou mapu<\/b> (spr\u00e1vcem krajsk\u00e9 DTM je krajsk\u00fd \u00fa\u0159ad v p\u0159enesen\u00e9 p\u016fsobnosti).\u00a0 <b>Vyhl\u00e1\u0161ka \u010d. 393\/2020 Sb.<\/b> o digit\u00e1ln\u00ed technick\u00e9 map\u011b kraje pak stanov\u00ed vlastn\u00ed obsah DTM.<\/p><p><span style=\"color: var(--sydney-text-color);\">V\u0161ichni <b>vlastn\u00edci<\/b>, spr\u00e1vci a provozovatel\u00e9 jak\u00e9koliv <b>technick\u00e9 infrastruktury<\/b> (TI), tedy i s\u00edt\u00ed elektronick\u00fdch komunikac\u00ed (EK) maj\u00ed od 1.7.2024 povinnost sd\u00edlet svoje data ve form\u011b standardizovan\u00e9ho form\u00e1tu do DTM \u010cR, a to prost\u0159ednictv\u00edm digit\u00e1ln\u00edch technick\u00fdch map jednotliv\u00fdch kraj\u016f \u010cR. Z\u00e1kon <\/span><span style=\"color: var(--sydney-text-color);\"><b>\u010d. 47\/2020 Sb. <\/b>tak\u00e9 na\u0159izuje spr\u00e1vc\u016fm technick\u00e9 infrastruktury zapisovat ve\u0161ker\u00e9 zm\u011bny do DTM kraje bezodkladn\u011b, kdy\u017e dojde ke zm\u011bn\u011b dat.<br \/><\/span><\/p><p>Pro sd\u00edlen\u00ed dat v digit\u00e1ln\u00ed technick\u00e9 map\u011b byl navr\u017een standardizovan\u00fd form\u00e1t <b>JVF DTM<\/b>. Jdo o univerz\u00e1ln\u00ed form\u00e1t pro p\u0159ed\u00e1v\u00e1n\u00ed dat dopravn\u00ed (DI), technick\u00e9 infrastruktury (TI) a z\u00e1kladn\u00ed polohov\u00e9 situace (ZPS) do jednotliv\u00fdch krajsk\u00fdch DTM.<\/p><h3>DTM \u010cR a mo\u017enosti syst\u00e9mu HsOptika<\/h3><div>Aktu\u00e1ln\u00ed verze syst\u00e9mu HsOptika obsahuj\u00ed v\u0161e pot\u0159ebn\u00e9 pro spln\u011bn\u00ed z\u00e1konn\u00e9 povinnosti sd\u00edlen\u00ed dat dokumentuj\u00edc\u00ed Va\u0161e st\u00e1vaj\u00edc\u00ed s\u00edt\u011b elektronick\u00fdch komunikac\u00ed a Va\u0161e z\u00e1m\u011bry v digit\u00e1ln\u00ed technick\u00e9 map\u011b. Nejsou t\u0159eba \u017e\u00e1dn\u00e9 dal\u0161\u00ed smlouvy o editorstv\u00ed dat DTM atd, v\u0161e je v cen\u011b po\u0159\u00edzen\u00ed licence syst\u00e9mu HsOptika anebo v cen\u011b slu\u017eby hostingu syst\u00e9mu HsOptika na na\u0161ich serverech. Ka\u017ed\u00e9mu na\u0161emu z\u00e1kazn\u00edkovi poskytujeme t\u00e9\u017e \u00favodn\u00ed konzultaci ohledn\u011b problematiky sd\u00edlen\u00ed dat TI v DTM, nastaven\u00ed v\u0161eho nezbytn\u00e9ho na <a href=\"https:\/\/dmvs.cuzk.gov.cz\/portal\" target=\"_blank\" rel=\"noopener\"><b>port\u00e1lu DMVS \u010c\u00daZK<\/b><\/a> (definice \u010d\u00e1st\u00ed DTM, rozsah\u016f DTM). Rovn\u011b\u017e s ka\u017ed\u00fdm z\u00e1kazn\u00edkem proch\u00e1z\u00edme jeho st\u00e1vaj\u00edc\u00ed dokumentovan\u00e1 data, zam\u011b\u0159\u00edme se na odhalen\u00ed p\u0159\u00edpadn\u00fdch probl\u00e9m\u016f, kter\u00e9 by mohly b\u00fdt na z\u00e1vadu p\u0159i p\u0159enosu dat do DTM. Poskytneme rady pro odstran\u011bn\u00ed t\u011bchto p\u0159\u00edpadn\u00fdch probl\u00e9m\u016f a zavedeme se z\u00e1kazn\u00edkem v\u0161echna pot\u0159ebn\u00e1 nastaven\u00ed v syst\u00e9mu HsOptika pro tvorbu spr\u00e1vn\u00fdch exportn\u00edch JVF soubor\u016f.<b><br \/><\/b><\/div><ul><li>T\u00edm, \u017ee ka\u017ed\u00fd dokumentovan\u00fd prvek ulo\u017een\u00fd v datab\u00e1zi syst\u00e9mu HsOptika (trasa, trubka, kabel, objekt, uzel) m\u00e1 p\u0159i\u0159azenu informaci o vlastnictv\u00ed p\u0159\u00edslu\u0161nou organizac\u00ed, je snadn\u00e9 vytv\u00e1\u0159et odd\u011blen\u00e9 <b>pro ka\u017edou sledovanou organizaci zm\u011bnov\u00e9 d\u00e1vky dat<\/b> o Va\u0161ich s\u00edt\u00ed elektronick\u00fdch komunikac\u00ed v aktu\u00e1ln\u00ed verzi standardizovan\u00e9ho form\u00e1tu JVF. Tyto d\u00e1vky (\u00favodn\u00ed d\u00e1vka dat a zm\u011bnov\u00e9 d\u00e1vky za ka\u017edou organizaci) jsou n\u00e1sledn\u011b prost\u0159ednictv\u00edm webov\u00fdch slu\u017eeb vkl\u00e1d\u00e1ny do DTM p\u0159\u00edslu\u0161n\u00e9ho kraje.<\/li><li>V\u0161echna aktu\u00e1ln\u00ed data, kter\u00e1 budou p\u0159en\u00e1\u0161ena do DTM a jednotliv\u00e9 ji\u017e <b>realizovan\u00e9 d\u00e1vky dat<\/b> pro DTM jsou zobraziteln\u00e9 prost\u0159ednictv\u00edm speci\u00e1ln\u00edch mapov\u00fdch vrstev syst\u00e9mu HsOptika.<\/li><li>Prost\u0159ednictv\u00edm edita\u010dn\u00edch funkc\u00ed aplikace HsOptika je mo\u017en\u00e9 editovat vymezen\u00ed polygon\u016f, kter\u00e1 mohou b\u00fdt pou\u017eita p\u0159i definici tzv. \u010d\u00e1st\u00ed DTM na<b> <\/b><a href=\"https:\/\/dmvs.cuzk.gov.cz\/portal\" target=\"_blank\" rel=\"noopener\"><b>port\u00e1lu DMVS \u010c\u00daZK<\/b><\/a>.<\/li><li>Va\u0161e data vlo\u017een\u00e1 do DTM i aktu\u00e1ln\u00ed data ostatn\u00edch spr\u00e1vc\u016f technick\u00e9 infrastruktury (TI) a dal\u0161\u00ed data vlo\u017een\u00e1 dal\u0161\u00edmi editory digit\u00e1ln\u00ed technick\u00e9 mapy (v\u010detn\u011b dat ZPS &#8211; z\u00e1kladn\u00ed prostorov\u00e1 situace technick\u00e9 mapy) jsou v syst\u00e9mu HsOptika voln\u011b zobraziteln\u00e1 formou webov\u00fdch mapov\u00fdch slu\u017eeb.<\/li><\/ul>\t\t\t\t\t\t\t\t<\/div>\n\t\t\t\t<\/div>\n\t\t\t\t\t<\/div>\n\t\t<\/div>\n\t\t\t\t\t<\/div>\n\t\t<\/section>\n\t\t\t\t<section class=\"elementor-section elementor-top-section elementor-element elementor-element-ac130ce elementor-section-boxed elementor-section-height-default elementor-section-height-default\" data-id=\"ac130ce\" data-element_type=\"section\" data-e-type=\"section\">\n\t\t\t\t\t\t<div class=\"elementor-container elementor-column-gap-default\">\n\t\t\t\t\t<div class=\"elementor-column elementor-col-100 elementor-top-column elementor-element elementor-element-3e28ce9\" data-id=\"3e28ce9\" data-element_type=\"column\" data-e-type=\"column\">\n\t\t\t<div class=\"elementor-widget-wrap elementor-element-populated\">\n\t\t\t\t\t\t<div class=\"elementor-element elementor-element-07c2619 gallery-spacing-custom elementor-widget elementor-widget-image-gallery\" data-id=\"07c2619\" data-element_type=\"widget\" data-e-type=\"widget\" data-widget_type=\"image-gallery.default\">\n\t\t\t\t<div class=\"elementor-widget-container\">\n\t\t\t\t\t\t\t<div class=\"elementor-image-gallery\">\n\t\t\t<div id='gallery-1' class='gallery galleryid-581 gallery-columns-4 gallery-size-medium'><figure class='gallery-item'>\n\t\t\t<div class='gallery-icon landscape'>\n\t\t\t\t<a data-elementor-open-lightbox=\"yes\" data-elementor-lightbox-slideshow=\"07c2619\" data-elementor-lightbox-title=\"hsoptika_dtm1\" data-e-action-hash=\"#elementor-action%3Aaction%3Dlightbox%26settings%3DeyJpZCI6NjQ3LCJ1cmwiOiJodHRwczpcL1wvd3d3Lmhzb3B0aWthLmN6XC93cC1jb250ZW50XC91cGxvYWRzXC8yMDI0XC8xMVwvaHNvcHRpa2FfZHRtMS0xLnBuZyIsInNsaWRlc2hvdyI6IjA3YzI2MTkifQ%3D%3D\" href='https:\/\/www.hsoptika.cz\/wp-content\/uploads\/2024\/11\/hsoptika_dtm1-1.png'><img decoding=\"async\" width=\"300\" height=\"161\" src=\"https:\/\/www.hsoptika.cz\/wp-content\/uploads\/2024\/11\/hsoptika_dtm1-1-300x161.png\" class=\"attachment-medium size-medium\" alt=\"\" srcset=\"https:\/\/www.hsoptika.cz\/wp-content\/uploads\/2024\/11\/hsoptika_dtm1-1-300x161.png 300w, https:\/\/www.hsoptika.cz\/wp-content\/uploads\/2024\/11\/hsoptika_dtm1-1-1024x550.png 1024w, https:\/\/www.hsoptika.cz\/wp-content\/uploads\/2024\/11\/hsoptika_dtm1-1-768x413.png 768w, https:\/\/www.hsoptika.cz\/wp-content\/uploads\/2024\/11\/hsoptika_dtm1-1-1536x826.png 1536w, https:\/\/www.hsoptika.cz\/wp-content\/uploads\/2024\/11\/hsoptika_dtm1-1-1000x538.png 1000w, https:\/\/www.hsoptika.cz\/wp-content\/uploads\/2024\/11\/hsoptika_dtm1-1-230x124.png 230w, https:\/\/www.hsoptika.cz\/wp-content\/uploads\/2024\/11\/hsoptika_dtm1-1-350x188.png 350w, https:\/\/www.hsoptika.cz\/wp-content\/uploads\/2024\/11\/hsoptika_dtm1-1-480x258.png 480w, https:\/\/www.hsoptika.cz\/wp-content\/uploads\/2024\/11\/hsoptika_dtm1-1.png 1920w\" sizes=\"(max-width: 300px) 100vw, 300px\" \/><\/a>\n\t\t\t<\/div><\/figure><figure class='gallery-item'>\n\t\t\t<div class='gallery-icon landscape'>\n\t\t\t\t<a data-elementor-open-lightbox=\"yes\" data-elementor-lightbox-slideshow=\"07c2619\" data-elementor-lightbox-title=\"hsoptika_dtm2\" data-e-action-hash=\"#elementor-action%3Aaction%3Dlightbox%26settings%3DeyJpZCI6NzE3LCJ1cmwiOiJodHRwczpcL1wvd3d3Lmhzb3B0aWthLmN6XC93cC1jb250ZW50XC91cGxvYWRzXC8yMDI0XC8xMVwvaHNvcHRpa2FfZHRtMi5wbmciLCJzbGlkZXNob3ciOiIwN2MyNjE5In0%3D\" href='https:\/\/www.hsoptika.cz\/wp-content\/uploads\/2024\/11\/hsoptika_dtm2.png'><img decoding=\"async\" width=\"300\" height=\"161\" src=\"https:\/\/www.hsoptika.cz\/wp-content\/uploads\/2024\/11\/hsoptika_dtm2-300x161.png\" class=\"attachment-medium size-medium\" alt=\"\" srcset=\"https:\/\/www.hsoptika.cz\/wp-content\/uploads\/2024\/11\/hsoptika_dtm2-300x161.png 300w, https:\/\/www.hsoptika.cz\/wp-content\/uploads\/2024\/11\/hsoptika_dtm2-1024x549.png 1024w, https:\/\/www.hsoptika.cz\/wp-content\/uploads\/2024\/11\/hsoptika_dtm2-768x412.png 768w, https:\/\/www.hsoptika.cz\/wp-content\/uploads\/2024\/11\/hsoptika_dtm2-1536x824.png 1536w, https:\/\/www.hsoptika.cz\/wp-content\/uploads\/2024\/11\/hsoptika_dtm2-1000x536.png 1000w, https:\/\/www.hsoptika.cz\/wp-content\/uploads\/2024\/11\/hsoptika_dtm2-230x123.png 230w, https:\/\/www.hsoptika.cz\/wp-content\/uploads\/2024\/11\/hsoptika_dtm2-350x188.png 350w, https:\/\/www.hsoptika.cz\/wp-content\/uploads\/2024\/11\/hsoptika_dtm2-480x257.png 480w, https:\/\/www.hsoptika.cz\/wp-content\/uploads\/2024\/11\/hsoptika_dtm2.png 1922w\" sizes=\"(max-width: 300px) 100vw, 300px\" \/><\/a>\n\t\t\t<\/div><\/figure><figure class='gallery-item'>\n\t\t\t<div class='gallery-icon landscape'>\n\t\t\t\t<a data-elementor-open-lightbox=\"yes\" data-elementor-lightbox-slideshow=\"07c2619\" data-elementor-lightbox-title=\"hsoptika_dtm3\" data-e-action-hash=\"#elementor-action%3Aaction%3Dlightbox%26settings%3DeyJpZCI6NzI1LCJ1cmwiOiJodHRwczpcL1wvd3d3Lmhzb3B0aWthLmN6XC93cC1jb250ZW50XC91cGxvYWRzXC8yMDI0XC8xMVwvaHNvcHRpa2FfZHRtMy5wbmciLCJzbGlkZXNob3ciOiIwN2MyNjE5In0%3D\" href='https:\/\/www.hsoptika.cz\/wp-content\/uploads\/2024\/11\/hsoptika_dtm3.png'><img fetchpriority=\"high\" decoding=\"async\" width=\"300\" height=\"169\" src=\"https:\/\/www.hsoptika.cz\/wp-content\/uploads\/2024\/11\/hsoptika_dtm3-300x169.png\" class=\"attachment-medium size-medium\" alt=\"\" srcset=\"https:\/\/www.hsoptika.cz\/wp-content\/uploads\/2024\/11\/hsoptika_dtm3-300x169.png 300w, https:\/\/www.hsoptika.cz\/wp-content\/uploads\/2024\/11\/hsoptika_dtm3-1024x576.png 1024w, https:\/\/www.hsoptika.cz\/wp-content\/uploads\/2024\/11\/hsoptika_dtm3-768x432.png 768w, https:\/\/www.hsoptika.cz\/wp-content\/uploads\/2024\/11\/hsoptika_dtm3-1536x864.png 1536w, https:\/\/www.hsoptika.cz\/wp-content\/uploads\/2024\/11\/hsoptika_dtm3-1000x563.png 1000w, https:\/\/www.hsoptika.cz\/wp-content\/uploads\/2024\/11\/hsoptika_dtm3-230x129.png 230w, https:\/\/www.hsoptika.cz\/wp-content\/uploads\/2024\/11\/hsoptika_dtm3-350x197.png 350w, https:\/\/www.hsoptika.cz\/wp-content\/uploads\/2024\/11\/hsoptika_dtm3-480x270.png 480w, https:\/\/www.hsoptika.cz\/wp-content\/uploads\/2024\/11\/hsoptika_dtm3.png 1919w\" sizes=\"(max-width: 300px) 100vw, 300px\" \/><\/a>\n\t\t\t<\/div><\/figure>\n\t\t<\/div>\n\t\t<\/div>\n\t\t\t\t\t\t<\/div>\n\t\t\t\t<\/div>\n\t\t\t\t\t<\/div>\n\t\t<\/div>\n\t\t\t\t\t<\/div>\n\t\t<\/section>\n\t\t\t\t<\/div>\n\t\t","protected":false},"excerpt":{"rendered":"<p>Digit\u00e1ln\u00ed technick\u00e1 mapa \u010cR Z\u00e1kon \u010d. 47\/2020 Sb. (Z\u00e1kon, kter\u00fdm se m\u011bn\u00ed z\u00e1kon \u010d. 200\/1994 Sb., o zem\u011bm\u011b\u0159ictv\u00ed a o zm\u011bn\u011b a [&hellip;]<\/p>\n","protected":false},"author":1,"featured_media":0,"parent":0,"menu_order":0,"comment_status":"closed","ping_status":"closed","template":"elementor_header_footer","meta":{"_eb_attr":"","footnotes":""},"class_list":["post-581","page","type-page","status-publish","hentry"],"_links":{"self":[{"href":"https:\/\/www.hsoptika.cz\/index.php?rest_route=\/wp\/v2\/pages\/581","targetHints":{"allow":["GET"]}}],"collection":[{"href":"https:\/\/www.hsoptika.cz\/index.php?rest_route=\/wp\/v2\/pages"}],"about":[{"href":"https:\/\/www.hsoptika.cz\/index.php?rest_route=\/wp\/v2\/types\/page"}],"author":[{"embeddable":true,"href":"https:\/\/www.hsoptika.cz\/index.php?rest_route=\/wp\/v2\/users\/1"}],"replies":[{"embeddable":true,"href":"https:\/\/www.hsoptika.cz\/index.php?rest_route=%2Fwp%2Fv2%2Fcomments&post=581"}],"version-history":[{"count":88,"href":"https:\/\/www.hsoptika.cz\/index.php?rest_route=\/wp\/v2\/pages\/581\/revisions"}],"predecessor-version":[{"id":728,"href":"https:\/\/www.hsoptika.cz\/index.php?rest_route=\/wp\/v2\/pages\/581\/revisions\/728"}],"wp:attachment":[{"href":"https:\/\/www.hsoptika.cz\/index.php?rest_route=%2Fwp%2Fv2%2Fmedia&parent=581"}],"curies":[{"name":"wp","href":"https:\/\/api.w.org\/{rel}","templated":true}]}}