{"id":20,"date":"2023-04-23T23:31:15","date_gmt":"2023-04-23T21:31:15","guid":{"rendered":"https:\/\/www.hsoptika.cz\/?page_id=20"},"modified":"2023-04-29T18:15:53","modified_gmt":"2023-04-29T16:15:53","slug":"kontakty","status":"publish","type":"page","link":"https:\/\/www.hsoptika.cz\/?page_id=20","title":{"rendered":"Kontakty"},"content":{"rendered":"\t\t<div data-elementor-type=\"wp-page\" data-elementor-id=\"20\" class=\"elementor elementor-20\">\n\t\t\t\t\t\t<section class=\"elementor-section elementor-top-section elementor-element elementor-element-aaacf33 elementor-section-boxed elementor-section-height-default elementor-section-height-default\" data-id=\"aaacf33\" data-element_type=\"section\" data-e-type=\"section\">\n\t\t\t\t\t\t<div class=\"elementor-container elementor-column-gap-default\">\n\t\t\t\t\t<div class=\"elementor-column elementor-col-50 elementor-top-column elementor-element elementor-element-af90e26\" data-id=\"af90e26\" data-element_type=\"column\" data-e-type=\"column\">\n\t\t\t<div class=\"elementor-widget-wrap elementor-element-populated\">\n\t\t\t\t\t\t<div class=\"elementor-element elementor-element-d3400b7 elementor-widget elementor-widget-heading\" data-id=\"d3400b7\" data-element_type=\"widget\" data-e-type=\"widget\" data-widget_type=\"heading.default\">\n\t\t\t\t<div class=\"elementor-widget-container\">\n\t\t\t\t\t<h2 class=\"elementor-heading-title elementor-size-default\">Kontakty<\/h2>\t\t\t\t<\/div>\n\t\t\t\t<\/div>\n\t\t\t\t<div class=\"elementor-element elementor-element-b6f7ee1 elementor-widget elementor-widget-text-editor\" data-id=\"b6f7ee1\" data-element_type=\"widget\" data-e-type=\"widget\" data-widget_type=\"text-editor.default\">\n\t\t\t\t<div class=\"elementor-widget-container\">\n\t\t\t\t\t\t\t\t\t<p><b>HELP SERVICE \u2013 REMOTE SENSING s.r.o.<\/b><br \/>Husova 2117<br \/>256 01 Bene\u0161ov<br \/>49\u00b046\u201952.6\u2033N, 14\u00b041\u201913.3\u2033E<\/p><p>Telefon: +420 317\u00a0724\u00a0620,\u00a0+420 317\u00a0724\u00a0652<br \/>E-mail:\u00a0<a title=\"mapy@bnhelp.cz\" href=\"mailto:mapy@hsrs.cz\">mapy@hsrs.cz<\/a><\/p><p>\u010cesk\u00e1 spo\u0159itelna, a.s.<br \/>0320381359\/0800<\/p><p>Datov\u00e1 schr\u00e1nka:\u00a0<strong>p6w4gkz<\/strong><br \/>I\u010cO: 48582611<br \/>DI\u010c: CZ48582611<br \/>Spole\u010dnost je pl\u00e1tcem DPH.<br \/>S<i>pole\u010dnost zapsan\u00e1 v obchodn\u00edm rejst\u0159\u00edku veden\u00e9m M\u011bstsk\u00fdm soudem v Praze, odd\u00edl C, vlo\u017eka 17500, dnem 12. 2. 1993.<\/i><\/p>\t\t\t\t\t\t\t\t<\/div>\n\t\t\t\t<\/div>\n\t\t\t\t\t<\/div>\n\t\t<\/div>\n\t\t\t\t<div class=\"elementor-column elementor-col-50 elementor-top-column elementor-element elementor-element-d8c5d77\" data-id=\"d8c5d77\" data-element_type=\"column\" data-e-type=\"column\">\n\t\t\t<div class=\"elementor-widget-wrap elementor-element-populated\">\n\t\t\t\t\t\t<div class=\"elementor-element elementor-element-b85471d elementor-widget elementor-widget-google_maps\" data-id=\"b85471d\" data-element_type=\"widget\" data-e-type=\"widget\" data-widget_type=\"google_maps.default\">\n\t\t\t\t<div class=\"elementor-widget-container\">\n\t\t\t\t\t\t\t<div class=\"elementor-custom-embed\">\n\t\t\t<iframe loading=\"lazy\"\n\t\t\t\t\tsrc=\"https:\/\/maps.google.com\/maps?q=Husova%202117%20256%2001%20Bene%C5%A1ov&#038;t=m&#038;z=17&#038;output=embed&#038;iwloc=near\"\n\t\t\t\t\ttitle=\"Husova 2117 256 01 Bene\u0161ov\"\n\t\t\t\t\taria-label=\"Husova 2117 256 01 Bene\u0161ov\"\n\t\t\t><\/iframe>\n\t\t<\/div>\n\t\t\t\t\t\t<\/div>\n\t\t\t\t<\/div>\n\t\t\t\t\t<\/div>\n\t\t<\/div>\n\t\t\t\t\t<\/div>\n\t\t<\/section>\n\t\t\t\t<\/div>\n\t\t","protected":false},"excerpt":{"rendered":"<p>Kontakty HELP SERVICE \u2013 REMOTE SENSING s.r.o.Husova 2117256 01 Bene\u0161ov49\u00b046\u201952.6\u2033N, 14\u00b041\u201913.3\u2033E Telefon: +420 317\u00a0724\u00a0620,\u00a0+420 317\u00a0724\u00a0652E-mail:\u00a0mapy@hsrs.cz \u010cesk\u00e1 spo\u0159itelna, a.s.0320381359\/0800 Datov\u00e1 schr\u00e1nka:\u00a0p6w4gkzI\u010cO: 48582611DI\u010c: CZ48582611Spole\u010dnost [&hellip;]<\/p>\n","protected":false},"author":1,"featured_media":0,"parent":0,"menu_order":0,"comment_status":"closed","ping_status":"closed","template":"elementor_header_footer","meta":{"_eb_attr":"","footnotes":""},"class_list":["post-20","page","type-page","status-publish","hentry"],"_links":{"self":[{"href":"https:\/\/www.hsoptika.cz\/index.php?rest_route=\/wp\/v2\/pages\/20","targetHints":{"allow":["GET"]}}],"collection":[{"href":"https:\/\/www.hsoptika.cz\/index.php?rest_route=\/wp\/v2\/pages"}],"about":[{"href":"https:\/\/www.hsoptika.cz\/index.php?rest_route=\/wp\/v2\/types\/page"}],"author":[{"embeddable":true,"href":"https:\/\/www.hsoptika.cz\/index.php?rest_route=\/wp\/v2\/users\/1"}],"replies":[{"embeddable":true,"href":"https:\/\/www.hsoptika.cz\/index.php?rest_route=%2Fwp%2Fv2%2Fcomments&post=20"}],"version-history":[{"count":13,"href":"https:\/\/www.hsoptika.cz\/index.php?rest_route=\/wp\/v2\/pages\/20\/revisions"}],"predecessor-version":[{"id":430,"href":"https:\/\/www.hsoptika.cz\/index.php?rest_route=\/wp\/v2\/pages\/20\/revisions\/430"}],"wp:attachment":[{"href":"https:\/\/www.hsoptika.cz\/index.php?rest_route=%2Fwp%2Fv2%2Fmedia&parent=20"}],"curies":[{"name":"wp","href":"https:\/\/api.w.org\/{rel}","templated":true}]}}