{"id":12,"date":"2023-04-23T23:15:57","date_gmt":"2023-04-23T21:15:57","guid":{"rendered":"https:\/\/www.hsoptika.cz\/?page_id=12"},"modified":"2025-01-16T07:39:10","modified_gmt":"2025-01-16T06:39:10","slug":"home","status":"publish","type":"page","link":"https:\/\/www.hsoptika.cz\/","title":{"rendered":"Home"},"content":{"rendered":"\t\t<div data-elementor-type=\"wp-page\" data-elementor-id=\"12\" class=\"elementor elementor-12\">\n\t\t\t\t\t\t<section class=\"elementor-section elementor-top-section elementor-element elementor-element-b998de4 elementor-section-height-min-height elementor-section-stretched elementor-section-boxed elementor-section-height-default elementor-section-items-middle\" data-id=\"b998de4\" data-element_type=\"section\" data-e-type=\"section\" data-settings=\"{&quot;stretch_section&quot;:&quot;section-stretched&quot;,&quot;background_background&quot;:&quot;classic&quot;}\">\n\t\t\t\t\t\t\t<div class=\"elementor-background-overlay\"><\/div>\n\t\t\t\t\t\t\t<div class=\"elementor-container elementor-column-gap-default\">\n\t\t\t\t\t<div class=\"elementor-column elementor-col-100 elementor-top-column elementor-element elementor-element-fd2bf84\" data-id=\"fd2bf84\" data-element_type=\"column\" data-e-type=\"column\">\n\t\t\t<div class=\"elementor-widget-wrap elementor-element-populated\">\n\t\t\t\t\t\t<div class=\"elementor-element elementor-element-3d2b86d elementor-widget elementor-widget-heading\" data-id=\"3d2b86d\" data-element_type=\"widget\" data-e-type=\"widget\" data-widget_type=\"heading.default\">\n\t\t\t\t<div class=\"elementor-widget-container\">\n\t\t\t\t\t<h2 class=\"elementor-heading-title elementor-size-default\">HsOptika \u2013 Evidence, dokumentace optick\u00fdch s\u00edt\u00ed PON<\/h2>\t\t\t\t<\/div>\n\t\t\t\t<\/div>\n\t\t\t\t<div class=\"elementor-element elementor-element-83f7a24 elementor-widget elementor-widget-text-editor\" data-id=\"83f7a24\" data-element_type=\"widget\" data-e-type=\"widget\" data-widget_type=\"text-editor.default\">\n\t\t\t\t<div class=\"elementor-widget-container\">\n\t\t\t\t\t\t\t\t\t<p><strong>Pln\u011b webov\u00fd syst\u00e9m <\/strong>(na principech GIS)<strong> bez dal\u0161\u00edch licen\u010dn\u00edch poplatk\u016f, neomezen\u00fd po\u010det u\u017eivatel\u016f.<\/strong><\/p>\t\t\t\t\t\t\t\t<\/div>\n\t\t\t\t<\/div>\n\t\t\t\t<div class=\"elementor-element elementor-element-34cd08d elementor-widget elementor-widget-button\" data-id=\"34cd08d\" data-element_type=\"widget\" data-e-type=\"widget\" data-widget_type=\"button.default\">\n\t\t\t\t<div class=\"elementor-widget-container\">\n\t\t\t\t\t\t\t\t\t<div class=\"elementor-button-wrapper\">\n\t\t\t\t\t<a class=\"elementor-button elementor-button-link elementor-size-sm\" href=\"https:\/\/www.hsoptika.cz\/?page_id=20\">\n\t\t\t\t\t\t<span class=\"elementor-button-content-wrapper\">\n\t\t\t\t\t\t\t\t\t<span class=\"elementor-button-text\">M\u00e1m z\u00e1jem o syst\u00e9m HS Optika<\/span>\n\t\t\t\t\t<\/span>\n\t\t\t\t\t<\/a>\n\t\t\t\t<\/div>\n\t\t\t\t\t\t\t\t<\/div>\n\t\t\t\t<\/div>\n\t\t\t\t\t<\/div>\n\t\t<\/div>\n\t\t\t\t\t<\/div>\n\t\t<\/section>\n\t\t\t\t<section class=\"elementor-section elementor-top-section elementor-element elementor-element-a6cfb92 elementor-section-stretched elementor-section-boxed elementor-section-height-default elementor-section-height-default\" data-id=\"a6cfb92\" data-element_type=\"section\" data-e-type=\"section\" data-settings=\"{&quot;stretch_section&quot;:&quot;section-stretched&quot;,&quot;background_background&quot;:&quot;gradient&quot;}\">\n\t\t\t\t\t\t<div class=\"elementor-container elementor-column-gap-default\">\n\t\t\t\t\t<div class=\"elementor-column elementor-col-25 elementor-top-column elementor-element elementor-element-654002a\" data-id=\"654002a\" data-element_type=\"column\" data-e-type=\"column\">\n\t\t\t<div class=\"elementor-widget-wrap elementor-element-populated\">\n\t\t\t\t\t\t<div class=\"elementor-element elementor-element-7213d63 elementor-widget__width-initial elementor-view-default elementor-position-block-start elementor-mobile-position-block-start elementor-widget elementor-widget-icon-box\" data-id=\"7213d63\" data-element_type=\"widget\" data-e-type=\"widget\" data-widget_type=\"icon-box.default\">\n\t\t\t\t<div class=\"elementor-widget-container\">\n\t\t\t\t\t\t\t<div class=\"elementor-icon-box-wrapper\">\n\n\t\t\t\t\t\t<div class=\"elementor-icon-box-icon\">\n\t\t\t\t<a href=\"https:\/\/www.hsoptika.cz\/?page_id=85\" class=\"elementor-icon\" tabindex=\"-1\" aria-label=\"Syst\u00e9m\nHSOptika\">\n\t\t\t\t<i aria-hidden=\"true\" class=\"fas fa-network-wired\"><\/i>\t\t\t\t<\/a>\n\t\t\t<\/div>\n\t\t\t\n\t\t\t\t\t\t<div class=\"elementor-icon-box-content\">\n\n\t\t\t\t\t\t\t\t\t<h3 class=\"elementor-icon-box-title\">\n\t\t\t\t\t\t<a href=\"https:\/\/www.hsoptika.cz\/?page_id=85\" >\n\t\t\t\t\t\t\tSyst\u00e9m\nHSOptika\t\t\t\t\t\t<\/a>\n\t\t\t\t\t<\/h3>\n\t\t\t\t\n\t\t\t\t\t\t\t\t\t<p class=\"elementor-icon-box-description\">\n\t\t\t\t\t\tHSOptika je pln\u011b webov\u00fd syst\u00e9m (na principech GIS), kter\u00fd sm\u00ed pou\u017e\u00edvat neomezen\u00fd po\u010det u\u017eivatel\u016f Ve Va\u0161\u00ed organizaci bez po\u017eadavk\u016f na dal\u0161\u00ed licen\u010dn\u00ed poplatky.\t\t\t\t\t<\/p>\n\t\t\t\t\n\t\t\t<\/div>\n\t\t\t\n\t\t<\/div>\n\t\t\t\t\t\t<\/div>\n\t\t\t\t<\/div>\n\t\t\t\t\t<\/div>\n\t\t<\/div>\n\t\t\t\t<div class=\"elementor-column elementor-col-25 elementor-top-column elementor-element elementor-element-fc0666b\" data-id=\"fc0666b\" data-element_type=\"column\" data-e-type=\"column\">\n\t\t\t<div class=\"elementor-widget-wrap elementor-element-populated\">\n\t\t\t\t\t\t<div class=\"elementor-element elementor-element-9dfeec1 elementor-widget__width-initial elementor-view-default elementor-position-block-start elementor-mobile-position-block-start elementor-widget elementor-widget-icon-box\" data-id=\"9dfeec1\" data-element_type=\"widget\" data-e-type=\"widget\" data-widget_type=\"icon-box.default\">\n\t\t\t\t<div class=\"elementor-widget-container\">\n\t\t\t\t\t\t\t<div class=\"elementor-icon-box-wrapper\">\n\n\t\t\t\t\t\t<div class=\"elementor-icon-box-icon\">\n\t\t\t\t<a href=\"https:\/\/www.hsoptika.cz\/?page_id=85\" class=\"elementor-icon\" tabindex=\"-1\" aria-label=\"Dokumentace optiky\">\n\t\t\t\t<i aria-hidden=\"true\" class=\"far fa-edit\"><\/i>\t\t\t\t<\/a>\n\t\t\t<\/div>\n\t\t\t\n\t\t\t\t\t\t<div class=\"elementor-icon-box-content\">\n\n\t\t\t\t\t\t\t\t\t<h3 class=\"elementor-icon-box-title\">\n\t\t\t\t\t\t<a href=\"https:\/\/www.hsoptika.cz\/?page_id=85\" >\n\t\t\t\t\t\t\tDokumentace optiky\t\t\t\t\t\t<\/a>\n\t\t\t\t\t<\/h3>\n\t\t\t\t\n\t\t\t\t\t\t\t\t\t<p class=\"elementor-icon-box-description\">\n\t\t\t\t\t\tHSOptika eviduje v\u0161echny Va\u0161e trasy optick\u00fdch s\u00edt\u00ed, objekty na tras\u00e1ch, chr\u00e1ni\u010dky, kabely, vl\u00e1kna, r\u016fzn\u00e9 typy uzl\u016f, prova\u0159en\u00ed vl\u00e1ken  a napojen\u00ed vl\u00e1ken na porty uzl\u016f.\t\t\t\t\t<\/p>\n\t\t\t\t\n\t\t\t<\/div>\n\t\t\t\n\t\t<\/div>\n\t\t\t\t\t\t<\/div>\n\t\t\t\t<\/div>\n\t\t\t\t\t<\/div>\n\t\t<\/div>\n\t\t\t\t<div class=\"elementor-column elementor-col-25 elementor-top-column elementor-element elementor-element-85b8286\" data-id=\"85b8286\" data-element_type=\"column\" data-e-type=\"column\">\n\t\t\t<div class=\"elementor-widget-wrap elementor-element-populated\">\n\t\t\t\t\t\t<div class=\"elementor-element elementor-element-22810d0 elementor-view-default elementor-position-block-start elementor-mobile-position-block-start elementor-widget elementor-widget-icon-box\" data-id=\"22810d0\" data-element_type=\"widget\" data-e-type=\"widget\" data-widget_type=\"icon-box.default\">\n\t\t\t\t<div class=\"elementor-widget-container\">\n\t\t\t\t\t\t\t<div class=\"elementor-icon-box-wrapper\">\n\n\t\t\t\t\t\t<div class=\"elementor-icon-box-icon\">\n\t\t\t\t<a href=\"https:\/\/www.hsoptika.cz\/?page_id=109\" class=\"elementor-icon\" tabindex=\"-1\" aria-label=\"Vyjad\u0159ovac\u00ed\nport\u00e1l\">\n\t\t\t\t<i aria-hidden=\"true\" class=\"fas fa-users\"><\/i>\t\t\t\t<\/a>\n\t\t\t<\/div>\n\t\t\t\n\t\t\t\t\t\t<div class=\"elementor-icon-box-content\">\n\n\t\t\t\t\t\t\t\t\t<h3 class=\"elementor-icon-box-title\">\n\t\t\t\t\t\t<a href=\"https:\/\/www.hsoptika.cz\/?page_id=109\" >\n\t\t\t\t\t\t\tVyjad\u0159ovac\u00ed\nport\u00e1l\t\t\t\t\t\t<\/a>\n\t\t\t\t\t<\/h3>\n\t\t\t\t\n\t\t\t\t\t\t\t\t\t<p class=\"elementor-icon-box-description\">\n\t\t\t\t\t\tUmo\u017e\u0148uje V\u00e1m, u\u017eivatel\u016fm syst\u00e9mu HSOptika (a nejen jim), poskytovat vyj\u00e1d\u0159en\u00ed k pr\u016fb\u011bhu Va\u0161im s\u00edt\u00ed podle dle \u00a786 a \u00a7110 z\u00e1kona \u010d. 183\/2006 Sb.\t\t\t\t\t<\/p>\n\t\t\t\t\n\t\t\t<\/div>\n\t\t\t\n\t\t<\/div>\n\t\t\t\t\t\t<\/div>\n\t\t\t\t<\/div>\n\t\t\t\t\t<\/div>\n\t\t<\/div>\n\t\t\t\t<div class=\"elementor-column elementor-col-25 elementor-top-column elementor-element elementor-element-521a473\" data-id=\"521a473\" data-element_type=\"column\" data-e-type=\"column\">\n\t\t\t<div class=\"elementor-widget-wrap elementor-element-populated\">\n\t\t\t\t\t\t<div class=\"elementor-element elementor-element-bbcbcf0 elementor-view-default elementor-position-block-start elementor-mobile-position-block-start elementor-widget elementor-widget-icon-box\" data-id=\"bbcbcf0\" data-element_type=\"widget\" data-e-type=\"widget\" data-widget_type=\"icon-box.default\">\n\t\t\t\t<div class=\"elementor-widget-container\">\n\t\t\t\t\t\t\t<div class=\"elementor-icon-box-wrapper\">\n\n\t\t\t\t\t\t<div class=\"elementor-icon-box-icon\">\n\t\t\t\t<a href=\"https:\/\/www.hsoptika.cz\/?page_id=581\" class=\"elementor-icon\" tabindex=\"-1\" aria-label=\"DTM \u010cR\">\n\t\t\t\t<i aria-hidden=\"true\" class=\"far fa-map\"><\/i>\t\t\t\t<\/a>\n\t\t\t<\/div>\n\t\t\t\n\t\t\t\t\t\t<div class=\"elementor-icon-box-content\">\n\n\t\t\t\t\t\t\t\t\t<h3 class=\"elementor-icon-box-title\">\n\t\t\t\t\t\t<a href=\"https:\/\/www.hsoptika.cz\/?page_id=581\" >\n\t\t\t\t\t\t\tDTM \u010cR\t\t\t\t\t\t<\/a>\n\t\t\t\t\t<\/h3>\n\t\t\t\t\n\t\t\t\t\t\t\t\t\t<p class=\"elementor-icon-box-description\">\n\t\t\t\t\t\tHsOptika V\u00e1m v\u00fdznamn\u011b usnadn\u00ed spln\u011bn\u00ed z\u00e1konn\u00e9 povinnosti vlo\u017een\u00ed dat o s\u00edt\u00edch ve Va\u0161em majetku do Digit\u00e1ln\u00ed technick\u00e9 mapy \u010cR a opakovan\u00e9 zas\u00edl\u00e1n\u00ed dal\u0161\u00edch aktualizac\u00ed t\u011bchto dat.\t\t\t\t\t<\/p>\n\t\t\t\t\n\t\t\t<\/div>\n\t\t\t\n\t\t<\/div>\n\t\t\t\t\t\t<\/div>\n\t\t\t\t<\/div>\n\t\t\t\t\t<\/div>\n\t\t<\/div>\n\t\t\t\t\t<\/div>\n\t\t<\/section>\n\t\t\t\t<section class=\"elementor-section elementor-top-section elementor-element elementor-element-b348803 elementor-section-boxed elementor-section-height-default elementor-section-height-default\" data-id=\"b348803\" data-element_type=\"section\" data-e-type=\"section\">\n\t\t\t\t\t\t<div class=\"elementor-container elementor-column-gap-default\">\n\t\t\t\t\t<div class=\"elementor-column elementor-col-100 elementor-top-column elementor-element elementor-element-c57f1ac\" data-id=\"c57f1ac\" data-element_type=\"column\" data-e-type=\"column\">\n\t\t\t<div class=\"elementor-widget-wrap elementor-element-populated\">\n\t\t\t\t\t\t<section class=\"elementor-section elementor-inner-section elementor-element elementor-element-6048aa6 elementor-section-boxed elementor-section-height-default elementor-section-height-default\" data-id=\"6048aa6\" data-element_type=\"section\" data-e-type=\"section\">\n\t\t\t\t\t\t<div class=\"elementor-container elementor-column-gap-default\">\n\t\t\t\t\t<div class=\"elementor-column elementor-col-50 elementor-inner-column elementor-element elementor-element-35fd404\" data-id=\"35fd404\" data-element_type=\"column\" data-e-type=\"column\">\n\t\t\t<div class=\"elementor-widget-wrap elementor-element-populated\">\n\t\t\t\t\t\t<div class=\"elementor-element elementor-element-3c2c39d elementor-widget elementor-widget-text-editor\" data-id=\"3c2c39d\" data-element_type=\"widget\" data-e-type=\"widget\" data-widget_type=\"text-editor.default\">\n\t\t\t\t<div class=\"elementor-widget-container\">\n\t\t\t\t\t\t\t\t\t<h3>Pasivn\u00ed optick\u00e9 s\u00edt\u011b<strong>\u00a0a HSOptika<\/strong><\/h3><p>Pasivn\u00ed optick\u00e9 s\u00edt\u011b (PON) p\u0159edstavuj\u00ed v dne\u0161n\u00ed dob\u011b jednu z nejprogresivn\u011bj\u0161\u00edch cest v roz\u0161i\u0159ov\u00e1n\u00ed vysokorychlostn\u00edch s\u00edt\u00ed. Hlavn\u00ed v\u00fdhodou p\u0159i jejich v\u00fdstavb\u011b a provozov\u00e1n\u00ed jsou\u00a0<strong>ni\u017e\u0161\u00ed n\u00e1klady<\/strong> oproti s\u00edt\u00edm aktivn\u00edm. S ohledem na vzr\u016fstaj\u00edc\u00ed pot\u0159eby dokumentovat podrobn\u011b tyto s\u00edt\u011b, nab\u00edz\u00ed na\u0161e spole\u010dnost V\u00e1m, provozovatel\u016fm t\u011bchto s\u00edt\u00ed, webov\u00fd syst\u00e9m\u00a0<a href=\"https:\/\/www.hsoptika.cz\/?page_id=85\"><b>HSOptika<\/b><\/a>\u00a0zalo\u017een\u00fd na principech GIS.\u00a0<span style=\"color: var(--sydney-text-color);\">Jeho z\u00e1kladem je pln\u00e1 funkcionalita na\u0161eho GIS webov\u00e9ho mapov\u00e9ho \u0159e\u0161en\u00ed HSLayers, kter\u00e1 je pro pot\u0159eby evidence optick\u00fdch s\u00edt\u00ed PON dopln\u011bna o dal\u0161\u00ed obs\u00e1hlou speci\u00e1ln\u00ed funkcionalitu. Sou\u010d\u00e1st\u00ed \u0159e\u0161en\u00ed je i <a href=\"https:\/\/www.hsoptika.cz\/?page_id=109\"><b>Vyjad\u0159ovac\u00ed port\u00e1l <\/b><\/a>pro poskytov\u00e1n\u00ed vyj\u00e1d\u0159en\u00ed k pr\u016fb\u011bhu Va\u0161ich s\u00edt\u00ed.<\/span><\/p><p>\u00a0<\/p>\t\t\t\t\t\t\t\t<\/div>\n\t\t\t\t<\/div>\n\t\t\t\t\t<\/div>\n\t\t<\/div>\n\t\t\t\t<div class=\"elementor-column elementor-col-50 elementor-inner-column elementor-element elementor-element-d1e77e4\" data-id=\"d1e77e4\" data-element_type=\"column\" data-e-type=\"column\">\n\t\t\t<div class=\"elementor-widget-wrap elementor-element-populated\">\n\t\t\t\t\t\t<div class=\"elementor-element elementor-element-2b8d74e elementor-widget elementor-widget-image\" data-id=\"2b8d74e\" data-element_type=\"widget\" data-e-type=\"widget\" data-widget_type=\"image.default\">\n\t\t\t\t<div class=\"elementor-widget-container\">\n\t\t\t\t\t\t\t\t\t\t\t\t\t\t\t\t<a href=\"https:\/\/www.hsoptika.cz\/wp-content\/uploads\/2023\/04\/obrazek_celni.png\" data-elementor-open-lightbox=\"yes\" data-elementor-lightbox-title=\"obrazek_celni\" data-e-action-hash=\"#elementor-action%3Aaction%3Dlightbox%26settings%3DeyJpZCI6MzgsInVybCI6Imh0dHBzOlwvXC93d3cuaHNvcHRpa2EuY3pcL3dwLWNvbnRlbnRcL3VwbG9hZHNcLzIwMjNcLzA0XC9vYnJhemVrX2NlbG5pLnBuZyJ9\">\n\t\t\t\t\t\t\t<img fetchpriority=\"high\" decoding=\"async\" width=\"1024\" height=\"640\" src=\"https:\/\/www.hsoptika.cz\/wp-content\/uploads\/2023\/04\/obrazek_celni-1024x640.png\" class=\"attachment-large size-large wp-image-38\" alt=\"\" srcset=\"https:\/\/www.hsoptika.cz\/wp-content\/uploads\/2023\/04\/obrazek_celni-1024x640.png 1024w, https:\/\/www.hsoptika.cz\/wp-content\/uploads\/2023\/04\/obrazek_celni-300x188.png 300w, https:\/\/www.hsoptika.cz\/wp-content\/uploads\/2023\/04\/obrazek_celni-768x480.png 768w, https:\/\/www.hsoptika.cz\/wp-content\/uploads\/2023\/04\/obrazek_celni-1536x960.png 1536w, https:\/\/www.hsoptika.cz\/wp-content\/uploads\/2023\/04\/obrazek_celni-1000x625.png 1000w, https:\/\/www.hsoptika.cz\/wp-content\/uploads\/2023\/04\/obrazek_celni-230x144.png 230w, https:\/\/www.hsoptika.cz\/wp-content\/uploads\/2023\/04\/obrazek_celni-350x219.png 350w, https:\/\/www.hsoptika.cz\/wp-content\/uploads\/2023\/04\/obrazek_celni-480x300.png 480w, https:\/\/www.hsoptika.cz\/wp-content\/uploads\/2023\/04\/obrazek_celni.png 1680w\" sizes=\"(max-width: 1024px) 100vw, 1024px\" \/>\t\t\t\t\t\t\t\t<\/a>\n\t\t\t\t\t\t\t\t\t\t\t\t\t\t\t<\/div>\n\t\t\t\t<\/div>\n\t\t\t\t\t<\/div>\n\t\t<\/div>\n\t\t\t\t\t<\/div>\n\t\t<\/section>\n\t\t\t\t<div class=\"elementor-element elementor-element-7418fd7 elementor-widget__width-initial elementor-widget elementor-widget-text-editor\" data-id=\"7418fd7\" data-element_type=\"widget\" data-e-type=\"widget\" data-widget_type=\"text-editor.default\">\n\t\t\t\t<div class=\"elementor-widget-container\">\n\t\t\t\t\t\t\t\t\t<table><tbody><tr><td style=\"text-align: left; border: none;\"><h3 style=\"color: #103878;\">AKTU\u00c1LN\u011a JSME PRO V\u00c1S P\u0158IPRAVILI:<\/h3><\/td><td style=\"text-align: left; border: none;\">\u00a0<\/td><\/tr><\/tbody><\/table><h6>V\u0161echny instalace syst\u00e9mu umo\u017e\u0148uj\u00ed tvorbu export\u016f Va\u0161ich tras a objekt\u016f (v\u010detn\u011b z\u00e1m\u011br\u016f) do v\u00fdm\u011bnn\u00e9ho form\u00e1tu JVF Digit\u00e1ln\u00ed technick\u00e9 mapy \u010cesk\u00e9 republiky a jejich pravideln\u00e9 zas\u00edl\u00e1n\u00ed do DTM jednotliv\u00fdch kraj\u016f..! V\u00edce <a href=\"https:\/\/www.hsoptika.cz\/?page_id=581\">ZDE<\/a><\/h6>\t\t\t\t\t\t\t\t<\/div>\n\t\t\t\t<\/div>\n\t\t\t\t\t<\/div>\n\t\t<\/div>\n\t\t\t\t\t<\/div>\n\t\t<\/section>\n\t\t\t\t<section class=\"elementor-section elementor-top-section elementor-element elementor-element-8b4c351 elementor-section-boxed elementor-section-height-default elementor-section-height-default\" data-id=\"8b4c351\" data-element_type=\"section\" data-e-type=\"section\">\n\t\t\t\t\t\t<div class=\"elementor-container elementor-column-gap-default\">\n\t\t\t\t\t<div class=\"elementor-column elementor-col-100 elementor-top-column elementor-element elementor-element-153b47d\" data-id=\"153b47d\" data-element_type=\"column\" data-e-type=\"column\">\n\t\t\t<div class=\"elementor-widget-wrap elementor-element-populated\">\n\t\t\t\t\t\t<div class=\"elementor-element elementor-element-17a79f5 elementor-widget elementor-widget-text-editor\" data-id=\"17a79f5\" data-element_type=\"widget\" data-e-type=\"widget\" data-widget_type=\"text-editor.default\">\n\t\t\t\t<div class=\"elementor-widget-container\">\n\t\t\t\t\t\t\t\t\t<h6><a href=\"https:\/\/www.hsoptika.cz\/?page_id=215\">Syst\u00e9m HSOptika pou\u017e\u00edvaj\u00ed tito na\u0161i z\u00e1kazn\u00edci<\/a><\/h6>\t\t\t\t\t\t\t\t<\/div>\n\t\t\t\t<\/div>\n\t\t\t\t\t<\/div>\n\t\t<\/div>\n\t\t\t\t\t<\/div>\n\t\t<\/section>\n\t\t\t\t<section class=\"elementor-section elementor-top-section elementor-element elementor-element-44f93e0 elementor-section-boxed elementor-section-height-default elementor-section-height-default\" data-id=\"44f93e0\" data-element_type=\"section\" data-e-type=\"section\">\n\t\t\t\t\t\t<div class=\"elementor-container elementor-column-gap-default\">\n\t\t\t\t\t<div class=\"elementor-column elementor-col-100 elementor-top-column elementor-element elementor-element-14a784d\" data-id=\"14a784d\" data-element_type=\"column\" data-e-type=\"column\">\n\t\t\t<div class=\"elementor-widget-wrap elementor-element-populated\">\n\t\t\t\t\t\t<div class=\"elementor-element elementor-element-71cffbc elementor-widget elementor-widget-text-editor\" data-id=\"71cffbc\" data-element_type=\"widget\" data-e-type=\"widget\" data-widget_type=\"text-editor.default\">\n\t\t\t\t<div class=\"elementor-widget-container\">\n\t\t\t\t\t\t\t\t\t<p>V prosinci 2022 obdr\u017eela na\u0161e spole\u010dnost za aplikaci HsOptika pro evidenci a spr\u00e1vu optick\u00fdch s\u00edt\u00ed <strong>titul <a href=\"https:\/\/www.businessinfo.cz\/clanky\/v-soutezi-vizionari-2022-byly-oceneny-nejprinosnejsi-inovacni-pociny-ceska-a-osobnosti-projektu-vizionari-2022\/\">Vizion\u00e1\u0159 roku 2022 <\/a><\/strong>v sout\u011b\u017ei vyhla\u0161ovan\u00e9 spole\u010dnost\u00ed CzechInno, a to za technologick\u00fd, ekonomick\u00fd a soci\u00e1ln\u00ed p\u0159\u00ednos v oblasti telekomunikac\u00ed.<\/p>\t\t\t\t\t\t\t\t<\/div>\n\t\t\t\t<\/div>\n\t\t\t\t\t<\/div>\n\t\t<\/div>\n\t\t\t\t\t<\/div>\n\t\t<\/section>\n\t\t\t\t<\/div>\n\t\t","protected":false},"excerpt":{"rendered":"<p>HsOptika \u2013 Evidence, dokumentace optick\u00fdch s\u00edt\u00ed PON Pln\u011b webov\u00fd syst\u00e9m (na principech GIS) bez dal\u0161\u00edch licen\u010dn\u00edch poplatk\u016f, neomezen\u00fd po\u010det u\u017eivatel\u016f. M\u00e1m z\u00e1jem [&hellip;]<\/p>\n","protected":false},"author":1,"featured_media":0,"parent":0,"menu_order":0,"comment_status":"closed","ping_status":"closed","template":"elementor_header_footer","meta":{"_eb_attr":"","footnotes":""},"class_list":["post-12","page","type-page","status-publish","hentry"],"_links":{"self":[{"href":"https:\/\/www.hsoptika.cz\/index.php?rest_route=\/wp\/v2\/pages\/12","targetHints":{"allow":["GET"]}}],"collection":[{"href":"https:\/\/www.hsoptika.cz\/index.php?rest_route=\/wp\/v2\/pages"}],"about":[{"href":"https:\/\/www.hsoptika.cz\/index.php?rest_route=\/wp\/v2\/types\/page"}],"author":[{"embeddable":true,"href":"https:\/\/www.hsoptika.cz\/index.php?rest_route=\/wp\/v2\/users\/1"}],"replies":[{"embeddable":true,"href":"https:\/\/www.hsoptika.cz\/index.php?rest_route=%2Fwp%2Fv2%2Fcomments&post=12"}],"version-history":[{"count":149,"href":"https:\/\/www.hsoptika.cz\/index.php?rest_route=\/wp\/v2\/pages\/12\/revisions"}],"predecessor-version":[{"id":761,"href":"https:\/\/www.hsoptika.cz\/index.php?rest_route=\/wp\/v2\/pages\/12\/revisions\/761"}],"wp:attachment":[{"href":"https:\/\/www.hsoptika.cz\/index.php?rest_route=%2Fwp%2Fv2%2Fmedia&parent=12"}],"curies":[{"name":"wp","href":"https:\/\/api.w.org\/{rel}","templated":true}]}}